{"id":8293,"date":"2026-03-24T17:13:53","date_gmt":"2026-03-24T16:13:53","guid":{"rendered":"http:\/\/frankfurt-flyers.de\/?page_id=8293"},"modified":"2026-03-24T17:21:38","modified_gmt":"2026-03-24T16:21:38","slug":"liga-2026","status":"publish","type":"page","link":"http:\/\/frankfurt-flyers.de\/?page_id=8293","title":{"rendered":"Liga 2026"},"content":{"rendered":"<p>Die Sportler der Frankfurt FLYERS nehmen auch in der Saison 2026 an der Trampolin Bundesliga teil. Zwar gab es zum Jahresende Abmeldungen bzgl. Karriere Ende bzw. Vereinswechsel, doch ein Stamm an Sportlern blieb dem Verein erhalten. Infolge dieser Entwicklung fanden Gespr\u00e4che mit dem mittelhessischen TV Dillenburg statt, die letztlich zu einer positiven L\u00f6sung f\u00fchrten. Einige ihrer Leistungstr\u00e4gerinnen starten per Ligastartrecht f\u00fcr die FLYERS und unterst\u00fctzen damit die sich im Neuaufbau befindende Mannschaft. Der DTB Begegnungsplan sieht eine Dreierbegegnung vor am 18. April beim TV Weingarten, MTV Bad Kreuznach, Frankfurt FLYERS sowie am 25. April mit Eintracht Frankfurt, TG Dietzenbach, Frankfurt FLYERS. Die Endrunde ist f\u00fcr den 14. Juni terminiert und findet in Bad Kreuznach statt. Daran nehmen die jeweils zwei besten Vereiine der Bundesliga Gruppe NORD und S\u00dcD teil.<\/p>\n<p>Hier die Sportler der FLYERS f\u00fcr die Saison 2026:<\/p>\n<p>Eunike Postiglione, Sophie Simon, Julius Bille, Kyrylo Diachuk, Laura Brischke, Leia Or\u00e9lie Sauerwald, Ella Alberternst, Cami Otto<\/p>\n<p>&nbsp;<\/p>\n","protected":false},"excerpt":{"rendered":"<p>Die Sportler der Frankfurt FLYERS nehmen auch in der Saison [&hellip;]<\/p>\n","protected":false},"author":1,"featured_media":0,"parent":0,"menu_order":0,"comment_status":"closed","ping_status":"closed","template":"","meta":{"footnotes":""},"class_list":["post-8293","page","type-page","status-publish","hentry"],"_links":{"self":[{"href":"http:\/\/frankfurt-flyers.de\/index.php?rest_route=\/wp\/v2\/pages\/8293","targetHints":{"allow":["GET"]}}],"collection":[{"href":"http:\/\/frankfurt-flyers.de\/index.php?rest_route=\/wp\/v2\/pages"}],"about":[{"href":"http:\/\/frankfurt-flyers.de\/index.php?rest_route=\/wp\/v2\/types\/page"}],"author":[{"embeddable":true,"href":"http:\/\/frankfurt-flyers.de\/index.php?rest_route=\/wp\/v2\/users\/1"}],"replies":[{"embeddable":true,"href":"http:\/\/frankfurt-flyers.de\/index.php?rest_route=%2Fwp%2Fv2%2Fcomments&post=8293"}],"version-history":[{"count":3,"href":"http:\/\/frankfurt-flyers.de\/index.php?rest_route=\/wp\/v2\/pages\/8293\/revisions"}],"predecessor-version":[{"id":8300,"href":"http:\/\/frankfurt-flyers.de\/index.php?rest_route=\/wp\/v2\/pages\/8293\/revisions\/8300"}],"wp:attachment":[{"href":"http:\/\/frankfurt-flyers.de\/index.php?rest_route=%2Fwp%2Fv2%2Fmedia&parent=8293"}],"curies":[{"name":"wp","href":"https:\/\/api.w.org\/{rel}","templated":true}]}}