{"id":4454,"date":"2016-04-17T13:55:33","date_gmt":"2016-04-17T13:55:33","guid":{"rendered":"http:\/\/frankfurt-flyers.de\/?page_id=4454"},"modified":"2019-09-11T18:59:10","modified_gmt":"2019-09-11T18:59:10","slug":"liga-2016","status":"publish","type":"page","link":"http:\/\/frankfurt-flyers.de\/?page_id=4454","title":{"rendered":"Liga 2016"},"content":{"rendered":"<h5 style=\"color: #323333;\"><b>Liga Saison 2016<\/b><\/h5>\n<h5 style=\"color: #323333;\"><b>Bundesliga<\/b><\/h5>\n<p style=\"color: #323333;\">Am 16. April starten die Frankfurt FLYERS als Vizemeister in die neue Trampolin Bundesliga Saison 2016. Der Kader hat sich gegen\u00fcber dem letzten Jahr nur minimal ver\u00e4ndert, ist jedoch weiterhin \u00e4hnlich leistungsstark. Es stehen die folgenden Sportlerinnen und Sportler zur Verf\u00fcgung.<\/p>\n<p style=\"color: #323333;\">Jessica Hartig (14), Nelia Steib (15), Runa Weiland (16), sowie Joshua Tuttas (14), Justin Hartig (15), Matthias Schuldt (16), Alexander Kaverin (16), Olaf Neidhardt (16), Pascal Seifert (17), Niklas Oellig (18), Darion Wren (18), C\u00fcneyt Emir (19), Lars Weiland (20), Marc Jecht Gonzalez (21) und Christopher Sch\u00fcpferling (26).<\/p>\n<p style=\"color: #323333;\">Ihre Karriere haben Johanna Gr\u00fcll, Vivien Heyming und Ivano Monaco beendet. Neu hinzu gekommen sind Jessica Hartig (14), Joshua Tuttas (14) sowie Justin Hartig (15), alle aus der eigenen Jugend. Vom bayerischen TV Dettingen kam Darion Wren (18) hinzu, der das Zweitstartrecht f\u00fcr die FLYERS besitzt.<\/p>\n<p style=\"color: #323333;\">Samstag, 16. April ab 19.00 Uhr im DTB Leistungszentrum: Frankfurt FLYERS &#8211; TV Weingarten &#8211; Bramfelder SV<\/p>\n<p style=\"color: #323333;\">Sonntag, 24. April ab 12.00 Uhr in Hannover: VfL Grasdorf &#8211; Frankfurt FLYERS &#8211; TV N\u00f6ttingen<\/p>\n<p style=\"color: #323333;\">Samstag, 30 April ab 12.00 Uhr in Wiebelskirchen: TSG Saar &#8211; Frankfurt FLYERS &#8211; SV Brackwede<\/p>\n<p style=\"color: #323333;\">Sonntag, 22 Mai ab 14.00 Uhr im DTB Leistungszentrum: Frankfurt FLYERS &#8211; TV Eberstadt &#8211; Kempener TV<\/p>\n<p style=\"color: #323333;\">Samstag, 28. Mai ab 16.00 Uhr in der Sporthalle Rosenh\u00f6he: Endk\u00e4mpfe der Saison 2016 in Bielefeld<\/p>\n<p style=\"color: #551a8b;\"><span style=\"color: #323333;\">Alles weitere auch auf: <a href=\"http:\/\/www.trampolin-bundesliga.de\/\" target=\"_blank\"><span style=\"color: #551a8b;\">www.Trampolin-Bundesliga.de<\/span><\/a><\/span><\/p>\n<p style=\"color: #323333;\">Aktuelle Informationen sind jeweils in der Rubrik <a href=\"http:\/\/frankfurt-flyers.de\/?page_id=4454\">NEWS<\/a> dieser Website zu finden.<\/p>\n<h5 style=\"color: #323333;\"><\/h5>\n<h5 style=\"color: #323333;\"><b>Jugendliga<\/b><\/h5>\n<p style=\"color: #323333;\">Nach den Sommerferien beginnt im September die Saison in der Hessischen Jugendliga, an der die FLYERS mit ihrem hoffnungsvollen Nachwuchs erneut teilnehmen und alles daran setzen werden, sich f\u00fcr die Endk\u00e4mpfe im November erneut zu qualifizieren.<\/p>\n<p style=\"color: #323333;\">Alles weitere auch auf: <a href=\"http:\/\/www.trampolin-liga.de\/\" target=\"_blank\"><span style=\"color: #551a8b;\">www.Trampolin-Liga.de<\/span><\/a><\/p>\n<p style=\"color: #323333;\">Aktuelle Informationen sind jeweils in der Rubrik <a href=\"http:\/\/frankfurt-flyers.de\/?page_id=93\">NEWS<\/a> zu finden.<\/p>\n","protected":false},"excerpt":{"rendered":"<p>Liga Saison 2016 Bundesliga Am 16. April starten die Frankfurt [&hellip;]<\/p>\n","protected":false},"author":1,"featured_media":0,"parent":158,"menu_order":0,"comment_status":"closed","ping_status":"closed","template":"","meta":{"footnotes":""},"class_list":["post-4454","page","type-page","status-publish","hentry"],"_links":{"self":[{"href":"http:\/\/frankfurt-flyers.de\/index.php?rest_route=\/wp\/v2\/pages\/4454","targetHints":{"allow":["GET"]}}],"collection":[{"href":"http:\/\/frankfurt-flyers.de\/index.php?rest_route=\/wp\/v2\/pages"}],"about":[{"href":"http:\/\/frankfurt-flyers.de\/index.php?rest_route=\/wp\/v2\/types\/page"}],"author":[{"embeddable":true,"href":"http:\/\/frankfurt-flyers.de\/index.php?rest_route=\/wp\/v2\/users\/1"}],"replies":[{"embeddable":true,"href":"http:\/\/frankfurt-flyers.de\/index.php?rest_route=%2Fwp%2Fv2%2Fcomments&post=4454"}],"version-history":[{"count":25,"href":"http:\/\/frankfurt-flyers.de\/index.php?rest_route=\/wp\/v2\/pages\/4454\/revisions"}],"predecessor-version":[{"id":6367,"href":"http:\/\/frankfurt-flyers.de\/index.php?rest_route=\/wp\/v2\/pages\/4454\/revisions\/6367"}],"up":[{"embeddable":true,"href":"http:\/\/frankfurt-flyers.de\/index.php?rest_route=\/wp\/v2\/pages\/158"}],"wp:attachment":[{"href":"http:\/\/frankfurt-flyers.de\/index.php?rest_route=%2Fwp%2Fv2%2Fmedia&parent=4454"}],"curies":[{"name":"wp","href":"https:\/\/api.w.org\/{rel}","templated":true}]}}