{"id":3828,"date":"2015-04-13T12:34:28","date_gmt":"2015-04-13T12:34:28","guid":{"rendered":"http:\/\/frankfurt-flyers.de\/?page_id=3828"},"modified":"2019-09-11T18:59:14","modified_gmt":"2019-09-11T18:59:14","slug":"liga-2015","status":"publish","type":"page","link":"http:\/\/frankfurt-flyers.de\/?page_id=3828","title":{"rendered":"Liga 2015"},"content":{"rendered":"<h5 style=\"text-align: justify;\">Liga Saison 2015<\/h5>\n<h5 style=\"text-align: justify;\">Bundesliga<\/h5>\n<p style=\"text-align: justify;\">Am 18. April starten die Frankfurt FLYERS als Titelverteidiger in die neue Trampolin Bundesliga Saison 2015. Der Kader ist gegen\u00fcber dem letzten Jahr minimal kleiner geworden, doch weiterhin ausreichend gro\u00df. Es stehen die folgenden Sportlerinnen und Sportler zur Verf\u00fcgung.<\/p>\n<p style=\"text-align: justify;\">Nelia Steib (14), Runa Weiland (15), Johanna Gr\u00fcll (21) sowie Matthias Schuldt (15), Alexander Kaverin (15), Olaf Neidhardt (15), Pascal Seifert (16), Niklas Oellig (17), C\u00fcneyt Emir (18), Lars Weiland (19), Marc Jecht Gonzalez (20), Ivano Monaco (26) und Christopher Sch\u00fcpferling (26).<\/p>\n<p style=\"text-align: justify;\">Ihre Karriere haben Markus Kubicka und Laszlo Pobloth beendet, die Zwillinge Anju + Momoko Asami sind in ihre Heimat Japan zur\u00fcck gereist. Vivien Heyming und Justin Hartig wurden zu Aufsteiger SKV M\u00f6rfelden ausgeliehen, um weitere Wettkampferfahrung zu sammeln.<\/p>\n<p style=\"text-align: justify;\">Samstag, 18. April ab 16.00 Uhr im DTB Leistungszentrum: Frankfurt FLYERS &#8211; TV Weingarten &#8211; SKV M\u00f6rfelden<\/p>\n<p style=\"text-align: justify;\">Samstag, 25. April ab 16.00 Uhr in der Wilhelm von Oranien Halle: TV Dillenburg &#8211; Frankfurt FLYERS<\/p>\n<p style=\"text-align: justify;\">Samstag, 2. Mai ab 16.00 Uhr im DTB Leistungszentrum: Frankfurt FLYERS &#8211;\u00a0 TSG Saar<\/p>\n<p style=\"text-align: justify;\">Sonntag, 10 Mai ab 12.00 Uhr in der Sporthalle Darmstadt: TV Eberstadt &#8211; Frankfurt FLYERS<\/p>\n<p style=\"text-align: justify;\">Samstag, 30. Mai ab 16.00 Uhr in der Sporthalle Weingarten die Endk\u00e4mpfe der Saison 2015<\/p>\n<p style=\"text-align: justify;\">Alles weitere auch auf: <a href=\"http:\/\/www.Trampolin-Bundesliga.de\">www.Trampolin-Bundesliga.de<\/a><\/p>\n<p style=\"text-align: justify;\">Aktuelle Informationen sind jeweils in der Rubrik NEWS zu finden.<\/p>\n<h5 style=\"text-align: justify;\"><\/h5>\n<h5 style=\"text-align: justify;\">Jugendliga<\/h5>\n<p style=\"text-align: justify;\">Nach den Sommerferien beginnt im September die Saison in der Hessischen Jugendliga, an der die FLYERS mit ihrem hoffnungsvollen Nachwuchs erneut teilnehmen und alles daran setzen werden, den im Jahre 2014 gewonnenen Titel zu verteidigen.<\/p>\n<p style=\"text-align: justify;\">Alles weitere auch auf: www.Trampolin-Liga.de<\/p>\n<p style=\"text-align: justify;\">\n<p style=\"text-align: justify;\">Aktuelle Informationen sind jeweils in der Rubrik NEWS zu finden.<\/p>\n","protected":false},"excerpt":{"rendered":"<p>Liga Saison 2015 Bundesliga Am 18. April starten die Frankfurt [&hellip;]<\/p>\n","protected":false},"author":1,"featured_media":0,"parent":158,"menu_order":0,"comment_status":"closed","ping_status":"closed","template":"","meta":{"footnotes":""},"class_list":["post-3828","page","type-page","status-publish","hentry"],"_links":{"self":[{"href":"http:\/\/frankfurt-flyers.de\/index.php?rest_route=\/wp\/v2\/pages\/3828","targetHints":{"allow":["GET"]}}],"collection":[{"href":"http:\/\/frankfurt-flyers.de\/index.php?rest_route=\/wp\/v2\/pages"}],"about":[{"href":"http:\/\/frankfurt-flyers.de\/index.php?rest_route=\/wp\/v2\/types\/page"}],"author":[{"embeddable":true,"href":"http:\/\/frankfurt-flyers.de\/index.php?rest_route=\/wp\/v2\/users\/1"}],"replies":[{"embeddable":true,"href":"http:\/\/frankfurt-flyers.de\/index.php?rest_route=%2Fwp%2Fv2%2Fcomments&post=3828"}],"version-history":[{"count":10,"href":"http:\/\/frankfurt-flyers.de\/index.php?rest_route=\/wp\/v2\/pages\/3828\/revisions"}],"predecessor-version":[{"id":6372,"href":"http:\/\/frankfurt-flyers.de\/index.php?rest_route=\/wp\/v2\/pages\/3828\/revisions\/6372"}],"up":[{"embeddable":true,"href":"http:\/\/frankfurt-flyers.de\/index.php?rest_route=\/wp\/v2\/pages\/158"}],"wp:attachment":[{"href":"http:\/\/frankfurt-flyers.de\/index.php?rest_route=%2Fwp%2Fv2%2Fmedia&parent=3828"}],"curies":[{"name":"wp","href":"https:\/\/api.w.org\/{rel}","templated":true}]}}